{"id":2567,"date":"2024-07-25T13:56:30","date_gmt":"2024-07-25T11:56:30","guid":{"rendered":"https:\/\/fiat500-classic.com\/?page_id=2567"},"modified":"2026-04-06T21:56:12","modified_gmt":"2026-04-06T19:56:12","slug":"a-propos","status":"publish","type":"page","link":"https:\/\/fiat500-classic.com\/index.php\/a-propos\/","title":{"rendered":"\u00e0 propos-BRIZY"},"content":{"rendered":"<div class=\"brz-root__container brz-reset-all brz brz-root__container-page\">\n<section id=\"_anICT9iSDrBA\" class=\"brz-section brz-css-1ng97lb\">\n<div class=\"brz-section__content brz-section--boxed brz-css-y1k4ib brz-css-w6vuj4\" data-brz-custom-id=\"dcCj7KWQlmor\">\n<div class=\"brz-bg\">\n<div class=\"brz-bg-color\"><\/div>\n<div class=\"brz-bg-shape brz-bg-shape__bottom\"><\/div>\n<\/div>\n<div class=\"brz-container brz-css-1clflqk\">\n<div class=\"brz-row__container brz-css-1u6dcho\" data-brz-custom-id=\"laThSvMRp3zL\">\n<div class=\"brz-bg\"><\/div>\n<div class=\"brz-row brz-css-30d7se brz-css-1plbmfq\">\n<div class=\"brz-columns brz-css-11upv96 brz-css-qjkm4e\" data-brz-custom-id=\"vBi0uh2cMAJX\">\n<div class=\"brz-bg\"><\/div>\n<div class=\"brz-column__items brz-css-8ktwp3\">\n<div id=\"\" class=\"brz-css-102exux brz-wrapper\">\n<div class=\"brz-image brz-css-1rrxeve\" data-brz-custom-id=\"m2f2vaA5pVZz\"><img decoding=\"async\" class=\"brz-img\" src=\"https:\/\/fiat500-classic.com\/wp-content\/uploads\/2023\/03\/logo_fiat500-classic_copie-removebg-preview.png\" alt=\"\" loading=\"lazy\"><\/div>\n<\/div>\n<\/div>\n<\/div>\n<div class=\"brz-columns brz-css-11upv96 brz-css-kzhmek\" data-brz-custom-id=\"ePfvwfx5iwzz\">\n<div class=\"brz-bg\"><\/div>\n<div class=\"brz-column__items brz-css-8ktwp3 brz-css-1qq1yuw\">\n<div class=\"brz-wrapper-clone brz-css-z0ua3b brz-css-llg1t\">\n<div class=\"brz-d-xs-flex brz-flex-xs-wrap brz-css-x7dd8x brz-css-oamp4w\" data-brz-custom-id=\"\">\n<div class=\"brz-wrapper-clone__item\" id=\"zVPzOzlK8mzL\"><a class=\"brz-a brz-btn brz-css-3gi7m0 brz-css-ap41kl brz-css-umf1vv brz-css-679dic\" href=\"\" target=\"_self\" rel=\"noopener\" data-brz-link-type=\"page\" data-brz-custom-id=\"zVPzOzlK8mzL\"><span data-brz-translate-text=\"1\" class=\"brz-span brz-text__editor\">Accueil<\/span><\/a><\/div>\n<div class=\"brz-wrapper-clone__item\" id=\"yM57xf0fzC61\"><a class=\"brz-a brz-btn brz-css-3gi7m0 brz-css-17v2a8y brz-css-umf1vv brz-css-1dzwhen\" href=\"\" target=\"_self\" rel=\"noopener\" data-brz-link-type=\"page\" data-brz-custom-id=\"yM57xf0fzC61\"><span data-brz-translate-text=\"1\" class=\"brz-span brz-text__editor\">A propos<\/span><\/a><\/div>\n<div class=\"brz-wrapper-clone__item\" id=\"aC08xMivWHoc\"><a class=\"brz-a brz-btn brz-css-3gi7m0 brz-css-wlfqg brz-css-umf1vv brz-css-dsrlgs\" href=\"\" target=\"_self\" rel=\"noopener\" data-brz-link-type=\"page\" data-brz-custom-id=\"aC08xMivWHoc\"><span data-brz-translate-text=\"1\" class=\"brz-span brz-text__editor\">R\u00e9alisations<\/span><\/a><\/div>\n<div class=\"brz-wrapper-clone__item\" id=\"wulz6yumMND2\"><a class=\"brz-a brz-btn brz-css-3gi7m0 brz-css-poaxyx brz-css-umf1vv brz-css-1bdn10e\" href=\"\" target=\"_self\" rel=\"noopener\" data-brz-link-type=\"page\" data-brz-custom-id=\"wulz6yumMND2\"><span data-brz-translate-text=\"1\" class=\"brz-span brz-text__editor\">Configurations<\/span><\/a><\/div>\n<div class=\"brz-wrapper-clone__item\" id=\"trDfzW388kMI\"><a class=\"brz-a brz-btn brz-css-3gi7m0 brz-css-natncw brz-css-umf1vv brz-css-tcphcb\" href=\"\" target=\"_self\" rel=\"noopener\" data-brz-link-type=\"page\" data-brz-custom-id=\"trDfzW388kMI\"><span data-brz-translate-text=\"1\" class=\"brz-span brz-text__editor\">R\u00e9trofit<\/span><\/a><\/div>\n<div class=\"brz-wrapper-clone__item\" id=\"uaVs2I8A7Mar\"><a class=\"brz-a brz-btn brz-css-3gi7m0 brz-css-tvnp4 brz-css-umf1vv brz-css-19uxnh7\" href=\"\" target=\"_self\" rel=\"noopener\" data-brz-link-type=\"page\" data-brz-custom-id=\"uaVs2I8A7Mar\"><span data-brz-translate-text=\"1\" class=\"brz-span brz-text__editor\">Locations<\/span><\/a><\/div>\n<div class=\"brz-wrapper-clone__item\" id=\"b2Y3rsnisE5n\"><a class=\"brz-a brz-btn brz-css-3gi7m0 brz-css-1lfvsi brz-css-umf1vv brz-css-1b3wiey\" href=\"\" target=\"_self\" rel=\"noopener\" data-brz-link-type=\"page\" data-brz-custom-id=\"b2Y3rsnisE5n\"><span data-brz-translate-text=\"1\" class=\"brz-span brz-text__editor\">Blog<\/span><\/a><\/div>\n<\/div>\n<\/div>\n<\/div>\n<\/div>\n<\/div>\n<\/div>\n<\/div>\n<\/div>\n<\/section>\n<section id=\"_iTprITQSyPi5\" class=\"brz-section brz-css-1ng97lb\">\n<div class=\"brz-section__content brz-section--boxed brz-css-y1k4ib brz-css-1soofss\" data-brz-custom-id=\"hw6WJmsYA8W8\">\n<div class=\"brz-container brz-css-1clflqk\">\n<div id=\"\" class=\"brz-css-102exux brz-css-1jbn25o brz-wrapper\">\n<div class=\"brz-image brz-css-10yqjqw\" data-brz-custom-id=\"uUSeD1s_0w00\"><img decoding=\"async\" class=\"brz-img\" src=\"https:\/\/fiat500-classic.com\/wp-content\/uploads\/2024\/07\/cropped-cropped-logo-fiat500-classic-copie-300x215-1.png\" alt=\"\" loading=\"lazy\"><\/div>\n<\/div>\n<\/div>\n<\/div>\n<\/section>\n<section id=\"_rCmdxStWkDm3\" class=\"brz-section brz-css-1ng97lb\">\n<div class=\"brz-section__content brz-section--boxed brz-css-y1k4ib brz-css-aagi3u\" data-brz-custom-id=\"qnS6L9CUL7I6\">\n<div class=\"brz-container brz-css-1clflqk\">\n<div id=\"\" class=\"brz-css-102exux brz-wrapper\">\n<div class=\"brz-rich-text brz-rich-text__custom brz-css-qwashl\" data-brz-custom-id=\"a20fLPgSM_x9\">\n<div data-brz-translate-text=\"1\">\n<h1 data-generated-css=\"brz-css-jWLWZ\" data-uniq-id=\"mdPl2\" class=\"brz-text-lg-center brz-ft-google brz-fs-lg-39 brz-fss-lg-px brz-fw-lg-700 brz-ls-lg-m_0_5 brz-lh-lg-1_1 brz-vfw-lg-400 brz-fwdth-lg-100 brz-fsft-lg-0 brz-tp-lg-empty brz-ff-poppins brz-css-ymDsZ\"><span class=\"brz-cp-color4\">ATELIER AGR\u00c9\u00c9 FIAT DEPUIS 1989<\/span><\/h1>\n<\/div>\n<\/div>\n<\/div>\n<\/div>\n<\/div>\n<\/section>\n<section id=\"_vcXI1Z4G_ffv\" class=\"brz-section brz-css-1ng97lb\">\n<div class=\"brz-section__content brz-section--boxed brz-css-y1k4ib brz-css-1enfb0\" data-brz-custom-id=\"scPJCfG6hTUM\">\n<div class=\"brz-container brz-css-1clflqk\">\n<div class=\"brz-row__container brz-css-1u6dcho\" data-brz-custom-id=\"z0GyH9FnKUYJ\">\n<div class=\"brz-bg\"><\/div>\n<div class=\"brz-row brz-css-30d7se brz-css-1plbmfq\">\n<div class=\"brz-columns brz-css-11upv96 brz-css-iic2nh\" data-brz-custom-id=\"pej7_vgZ7DrA\">\n<div class=\"brz-bg\"><\/div>\n<div class=\"brz-column__items brz-css-8ktwp3\">\n<div id=\"\" class=\"brz-css-102exux brz-css-n3d9t5 brz-wrapper\">\n<div class=\"brz-video brz-youtube-video brz-video-on-controls-hidden brz-css-csbem7 brz-css-1gw1ya0\" data-brz-custom-id=\"fTP1r_i0qmYv\">\n<div class=\"brz-video-content\" data-loop=\"false\" data-muted=\"false\" data-autoplay=\"off\">\n<div class=\"video-wrapper brz-image-fix-16-9\">\n<div class=\"brz-video-data brz-hidden\" data-src=\"https:\/\/www.youtube.com\/embed\/lI93MIu7MOI?autoplay=0&amp;controls=1&amp;start=0&amp;end=0&amp;modestbranding=0&amp;wmode=transparent&amp;enablejsapi=1&amp;loop=0&amp;rel=0&amp;mute=0\" data-population=\"\" data-controls=\"true\" data-branding=\"true\" data-intro=\"true\" data-start=\"0\" data-end=\"0\" data-loop=\"false\" data-autoplay=\"off\"><\/div>\n<\/div>\n<\/div>\n<\/div>\n<\/div>\n<\/div>\n<\/div>\n<div class=\"brz-columns brz-css-11upv96 brz-css-1pzip5w\" data-brz-custom-id=\"woSTCrEdc6ss\">\n<div class=\"brz-bg\"><\/div>\n<div class=\"brz-column__items brz-css-8ktwp3\">\n<div id=\"\" class=\"brz-css-102exux brz-wrapper\">\n<div class=\"brz-rich-text brz-rich-text__custom brz-css-qwashl\" data-brz-custom-id=\"qK1wHD47xoUR\">\n<div data-brz-translate-text=\"1\">\n<p class=\"brz-text-lg-justify brz-tp-lg-empty brz-ff-poppins brz-ft-google brz-fs-lg-17 brz-fss-lg-px brz-fw-lg-500 brz-ls-lg-0 brz-lh-lg-1_7 brz-vfw-lg-400 brz-fwdth-lg-100 brz-fsft-lg-0 brz-css-pppYa\" data-generated-css=\"brz-css-q7U6v\" data-uniq-id=\"mOcD8\"><span class=\"brz-cp-color4\">Fiat500-classic.com est la branche commerciale de notre atelier de restauration Spitalieri-auto Classiche. Notre mission est de<\/span><strong class=\"brz-cp-color4\"> promouvoir et distribuer des v\u00e9hicules d\u2019exception restaur\u00e9s par nos ateliers.<\/strong><span class=\"brz-cp-color4\"> Notre label Fiat500-classic.com vous garantie des v\u00e9hicules et un service 5 \u00e9toiles.<\/span><\/p>\n<p class=\"brz-text-lg-justify brz-tp-lg-empty brz-ff-poppins brz-ft-google brz-fs-lg-17 brz-fss-lg-px brz-fw-lg-500 brz-ls-lg-0 brz-lh-lg-1_7 brz-vfw-lg-400 brz-fwdth-lg-100 brz-fsft-lg-0 brz-css-csYiX\" data-generated-css=\"brz-css-e8uEh\" data-uniq-id=\"uPRxm\"><span class=\"brz-cp-color4\">Spitalieri-auto Classiche est une cellule d\u00e9di\u00e9e aux v\u00e9hicules anciens transalpins. Compos\u00e9e de personnel d\u2019exp\u00e9rience, passionn\u00e9 de vieille m\u00e9canique. Leur savoir faire repose sur des ann\u00e9es d\u2019exp\u00e9rience au seins de pr\u00e9stigieux ateliers.<\/span><\/p>\n<p class=\"brz-text-lg-justify brz-tp-lg-empty brz-ff-poppins brz-ft-google brz-fs-lg-17 brz-fss-lg-px brz-fw-lg-500 brz-ls-lg-0 brz-lh-lg-1_7 brz-vfw-lg-400 brz-fwdth-lg-100 brz-fsft-lg-0 brz-css-n_xm1\" data-generated-css=\"brz-css-bcz0f\" data-uniq-id=\"avb5e\"><span class=\"brz-cp-color4\">Nos clients sont nationaux ou internationaux, nous r\u00e9pondons \u00e0 toutes vos demandes d\u2019achat, vente, restauration ou entretien.<\/span><\/p>\n<p class=\"brz-text-lg-justify brz-tp-lg-empty brz-ff-poppins brz-ft-google brz-fs-lg-17 brz-fss-lg-px brz-fw-lg-500 brz-ls-lg-0 brz-lh-lg-1_7 brz-vfw-lg-400 brz-fwdth-lg-100 brz-fsft-lg-0 brz-css-cEmMn\" data-generated-css=\"brz-css-zPQ8n\" data-uniq-id=\"w2HHf\"><span class=\"brz-cp-color4\">Spitalieri-auto Classiche est un service de Spitalieri-auto Pole automobile Grenay. <\/span><\/p>\n<\/div>\n<\/div>\n<\/div>\n<div id=\"\" class=\"brz-css-102exux brz-css-ghgjwf brz-wrapper\">\n<div class=\"brz-image brz-css-1ohxr00 brz-css-jz4myo\" data-brz-custom-id=\"q40rjy_GaFc0\"><img decoding=\"async\" class=\"brz-img\" src=\"https:\/\/fiat500-classic.com\/wp-content\/uploads\/2022\/01\/SPITALIERI-AUTO-CLASSICHE-LOGO-copie.jpg\" alt=\"\" loading=\"lazy\"><\/div>\n<\/div>\n<\/div>\n<\/div>\n<\/div>\n<\/div>\n<\/div>\n<\/div>\n<\/section>\n<section id=\"_kPMGLDNI0215\" class=\"brz-section brz-css-1ng97lb\">\n<div class=\"brz-section__content brz-section--boxed brz-css-y1k4ib brz-css-1ckksdg\" data-brz-custom-id=\"qeFM0LAaW3mc\">\n<div class=\"brz-bg\">\n<div class=\"brz-bg-image\"><\/div>\n<div class=\"brz-bg-color\"><\/div>\n<\/div>\n<div class=\"brz-container brz-css-1clflqk\">\n<div id=\"\" class=\"brz-css-102exux brz-wrapper\">\n<div class=\"brz-rich-text brz-rich-text__custom brz-css-qwashl\" data-brz-custom-id=\"aRX3XAVbTHiQ\">\n<div data-brz-translate-text=\"1\">\n<h1 data-uniq-id=\"clmrX\" data-generated-css=\"brz-css-rt7zB\" class=\"brz-ff-poppins brz-ft-google brz-fs-lg-70 brz-fss-lg-px brz-fw-lg-700 brz-ls-lg-m_0_5 brz-lh-lg-1_1 brz-vfw-lg-400 brz-fwdth-lg-100 brz-fsft-lg-0 brz-tp-lg-heading1 brz-text-lg-center brz-css-vkQQN\"><span>NOTRE HISTOIRE<\/span><\/h1>\n<\/div>\n<\/div>\n<\/div>\n<div id=\"\" class=\"brz-css-102exux brz-css-6kq967 brz-wrapper\">\n<div class=\"brz-rich-text brz-rich-text__custom brz-css-qwashl\" data-brz-custom-id=\"mettEA3vReat\">\n<div data-brz-translate-text=\"1\">\n<p class=\"brz-fsft-lg-0 brz-fwdth-lg-100 brz-vfw-lg-400 brz-lh-lg-1_7 brz-ls-lg-0 brz-fw-lg-500 brz-fss-lg-px brz-fs-lg-18 brz-ft-google brz-ff-poppins brz-tp-lg-empty brz-text-lg-justify brz-css-yK_kK\" data-generated-css=\"brz-css-ll4hM\" data-uniq-id=\"yGCzK\"><span>Fran\u00e7ois Spitalieri, fondateur de la soci\u00e9t\u00e9 Spitalieri auto a r\u00e9alis\u00e9 sa formation de m\u00e9canicien dans les ateliers Fiat de Turin en 1970. V\u00e9ritable sp\u00e9cialiste et connaisseur des Fiat 500 d&rsquo;\u00e9poque, il a continu\u00e9 sa formation de m\u00e9canicien, puis chef d&rsquo;atelier au sein du groupe Fiat. Puis en 1989, il d\u00e9cide de cr\u00e9er son propre atelier et lance SPITALIERI AUTO, distributeur officiel de la marque FIAT. La restauration de FIAT anciennes a toujours \u00e9t\u00e9 dans notre ADN.<\/span><\/p>\n<p class=\"brz-fsft-lg-0 brz-fwdth-lg-100 brz-vfw-lg-400 brz-lh-lg-1_7 brz-ls-lg-0 brz-fw-lg-500 brz-fss-lg-px brz-fs-lg-18 brz-ft-google brz-ff-poppins brz-tp-lg-empty brz-text-lg-justify brz-css-gS8ad\" data-generated-css=\"brz-css-ll4hM\" data-uniq-id=\"yGCzK\"><span> <\/span><\/p>\n<p class=\"brz-fsft-lg-0 brz-fwdth-lg-100 brz-vfw-lg-400 brz-lh-lg-1_7 brz-ls-lg-0 brz-fw-lg-500 brz-fss-lg-px brz-fs-lg-18 brz-ft-google brz-ff-poppins brz-tp-lg-empty brz-text-lg-justify brz-css-yuAns\" data-generated-css=\"brz-css-r2XM5\" data-uniq-id=\"nyaWW\"><span>En 2010, Jonathan Spitalieri prend la suite de cette affaire familiale et demande \u00e0 son p\u00e8re de se consacrer au d\u00e9veloppement des v\u00e9hicules historiques. Fort de sa passion et de son exp\u00e9rience, une \u00e9quipe d\u00e9di\u00e9e aux anciennes Fiat 500 est cr\u00e9\u00e9. Compos\u00e9 de carrossiers et m\u00e9caniciens travaillant exclusivement sur nos FIAT 500 de collection. Cette passion grandit chaque ann\u00e9e de plus en plus et fait de nous un acteur incontournable de la belle 500.<\/span><\/p>\n<p class=\"brz-fsft-lg-0 brz-fwdth-lg-100 brz-vfw-lg-400 brz-lh-lg-1_7 brz-ls-lg-0 brz-fw-lg-500 brz-fss-lg-px brz-fs-lg-18 brz-ft-google brz-ff-poppins brz-tp-lg-empty brz-text-lg-justify brz-css-tpi99\" data-generated-css=\"brz-css-q8UmD\" data-uniq-id=\"jlli1\"><span>&nbsp;<\/span><\/p>\n<\/div>\n<\/div>\n<\/div>\n<div id=\"\" class=\"brz-css-102exux brz-css-1vrm8b4 brz-wrapper\">\n<div class=\"brz-spacer brz-css-4tveag brz-css-ysv1nc\"><\/div>\n<\/div>\n<div id=\"\" class=\"brz-css-102exux brz-css-1vrm8b4 brz-wrapper\">\n<div class=\"brz-spacer brz-css-4tveag brz-css-g5oohr\"><\/div>\n<\/div>\n<\/div>\n<\/div>\n<\/section>\n<section id=\"_cr2vwGeycHtO\" class=\"brz-section brz-css-1ng97lb\">\n<div class=\"brz-section__content brz-section--boxed brz-css-y1k4ib\" data-brz-custom-id=\"jhUVARFVoaO1\">\n<div class=\"brz-container brz-css-1clflqk\">\n<div id=\"\" class=\"brz-css-102exux brz-wrapper\">\n<div class=\"brz-map brz-map_styles brz-css-1adcjwj\" data-brz-custom-id=\"bDlZUoc18sxS\">\n<div class=\"brz-ui-ed-map-content\"><\/div>\n<\/div>\n<\/div>\n<\/div>\n<\/div>\n<\/section>\n<\/div>\n<p>    <!-- version:1736970712 --><\/p>\n","protected":false},"excerpt":{"rendered":"<p>Accueil A propos R\u00e9alisations Configurations R\u00e9trofit Locations Blog ATELIER AGR\u00c9\u00c9 FIAT DEPUIS 1989 Fiat500-classic.com est la branche commerciale de notre atelier de restauration Spitalieri-auto Classiche. Notre mission est de promouvoir et distribuer des v\u00e9hicules d\u2019exception restaur\u00e9s par nos ateliers. Notre label Fiat500-classic.com vous garantie des v\u00e9hicules et un service 5 \u00e9toiles. Spitalieri-auto Classiche est une [&hellip;]<\/p>\n","protected":false},"author":1,"featured_media":0,"parent":0,"menu_order":0,"comment_status":"closed","ping_status":"closed","template":"brizy-blank-template.php","meta":{"footnotes":""},"class_list":["post-2567","page","type-page","status-publish","hentry"],"brizy_media":[{"id":2380,"url":"https:\/\/fiat500-classic.com\/wp-content\/uploads\/2023\/03\/logo_fiat500-classic_copie-removebg-preview.png","name":"logo_fiat500-classic_copie-removebg-preview.png","meta":{"brizy_attachment_uid":"wp-a793868e661923df110617dfdf64852b.png","brizy_post_uid":["7dc9fd5d74030abc527ad4aaf714107a","491c9f9ad3c46f8f1ea61cdd90d9171c","5189f5b3b50007891fb3c095112731a6","22441506722ee653e2c6f546f46bd3d9","4ab4f3f7d294f6d60d18e7b78d5331f3","f750aca79db4b8d736f083d7b20b7712","8aaedafe77be0d853c88ea166dca9261"]}},{"id":2572,"url":"https:\/\/fiat500-classic.com\/wp-content\/uploads\/2024\/07\/cropped-cropped-logo-fiat500-classic-copie-300x215-1.png","name":"cropped-cropped-logo-fiat500-classic-copie-300x215-1.png","meta":{"brizy_attachment_uid":"wp-c665d862aa51e4f83283e26e57cc7056.png","brizy_post_uid":["5189f5b3b50007891fb3c095112731a6","7dc9fd5d74030abc527ad4aaf714107a"]}},{"id":2573,"url":"https:\/\/fiat500-classic.com\/wp-content\/uploads\/2024\/07\/Capture-decran-2024-07-25-140717.png","name":"Capture-decran-2024-07-25-140717.png","meta":{"brizy_attachment_uid":"wp-b26426c800134fc1dd216cb26a27b8ce.png","brizy_post_uid":["5189f5b3b50007891fb3c095112731a6"]}},{"id":276,"url":"https:\/\/fiat500-classic.com\/wp-content\/uploads\/2022\/01\/SPITALIERI-AUTO-CLASSICHE-LOGO-copie.jpg","name":"SPITALIERI-AUTO-CLASSICHE-LOGO-copie.jpg","meta":{"brizy_attachment_uid":"wp-ef756dd00f83b1dc78a3b39d3290dea8.jpg","brizy_post_uid":["5189f5b3b50007891fb3c095112731a6"]}},{"id":2584,"url":"https:\/\/fiat500-classic.com\/wp-content\/uploads\/2024\/07\/mecanique-fiat500-1.png","name":"mecanique-fiat500-1.png","meta":{"brizy_attachment_uid":"wp-cd4300e3482bc0e526b9cb942f9d1696.png","brizy_post_uid":["5189f5b3b50007891fb3c095112731a6"]}},{"id":2592,"url":"https:\/\/fiat500-classic.com\/wp-content\/uploads\/2024\/07\/fiat500-768x768-1.png","name":"fiat500-768x768-1.png","meta":{"brizy_attachment_uid":"wp-ee541d74dd39a7342f7d6d47ee5a89b2.png","brizy_post_uid":["5189f5b3b50007891fb3c095112731a6"]}},{"id":2593,"url":"https:\/\/fiat500-classic.com\/wp-content\/uploads\/2024\/07\/fiat500-2-768x768-1.png","name":"fiat500-2-768x768-1.png","meta":{"brizy_attachment_uid":"wp-7af2fe99fd2f54b1e8e1be265aa17c3c.png","brizy_post_uid":["5189f5b3b50007891fb3c095112731a6"]}},{"id":2594,"url":"https:\/\/fiat500-classic.com\/wp-content\/uploads\/2024\/07\/fiat500-1-768x768-1.png","name":"fiat500-1-768x768-1.png","meta":{"brizy_attachment_uid":"wp-ece40837e845020f68e1a33410757e19.png","brizy_post_uid":["5189f5b3b50007891fb3c095112731a6"]}},{"id":3187,"url":"https:\/\/fiat500-classic.com\/wp-content\/uploads\/2024\/09\/Screenshot-2024-09-23-15.18.52.png","name":"Screenshot-2024-09-23-15.18.52.png","meta":{"brizy_attachment_uid":"wp-6d80189eba324b2bed0de87f8137b368.png","brizy_post_uid":["5189f5b3b50007891fb3c095112731a6"]}},{"id":3190,"url":"https:\/\/fiat500-classic.com\/wp-content\/uploads\/2024\/09\/Design-sans-titre-1.png","name":"Design-sans-titre-1.png","meta":{"brizy_attachment_uid":"wp-9db9f649bcee822c5455c0f74374ab6e.png","brizy_post_uid":["5189f5b3b50007891fb3c095112731a6"]}},{"id":3337,"url":"https:\/\/fiat500-classic.com\/wp-content\/uploads\/2024\/10\/page-a-propos-notre-histoire.png","name":"page-a-propos-notre-histoire.png","meta":{"brizy_attachment_uid":"wp-8fc9d8b18e794d9b6edf6569f40ce5ec.png","brizy_post_uid":["5189f5b3b50007891fb3c095112731a6"]}}],"_links":{"self":[{"href":"https:\/\/fiat500-classic.com\/index.php\/wp-json\/wp\/v2\/pages\/2567","targetHints":{"allow":["GET"]}}],"collection":[{"href":"https:\/\/fiat500-classic.com\/index.php\/wp-json\/wp\/v2\/pages"}],"about":[{"href":"https:\/\/fiat500-classic.com\/index.php\/wp-json\/wp\/v2\/types\/page"}],"author":[{"embeddable":true,"href":"https:\/\/fiat500-classic.com\/index.php\/wp-json\/wp\/v2\/users\/1"}],"replies":[{"embeddable":true,"href":"https:\/\/fiat500-classic.com\/index.php\/wp-json\/wp\/v2\/comments?post=2567"}],"version-history":[{"count":30,"href":"https:\/\/fiat500-classic.com\/index.php\/wp-json\/wp\/v2\/pages\/2567\/revisions"}],"predecessor-version":[{"id":3453,"href":"https:\/\/fiat500-classic.com\/index.php\/wp-json\/wp\/v2\/pages\/2567\/revisions\/3453"}],"wp:attachment":[{"href":"https:\/\/fiat500-classic.com\/index.php\/wp-json\/wp\/v2\/media?parent=2567"}],"curies":[{"name":"wp","href":"https:\/\/api.w.org\/{rel}","templated":true}]}}